{"id":10,"date":"2020-04-01T13:40:17","date_gmt":"2020-04-01T13:40:17","guid":{"rendered":"https:\/\/demosites.io\/pet-shop\/?page_id=10"},"modified":"2023-02-10T10:37:38","modified_gmt":"2023-02-10T10:37:38","slug":"tokensho-about-us","status":"publish","type":"page","link":"https:\/\/tokensho.com\/de\/tokensho-about-us\/","title":{"rendered":"About"},"content":{"rendered":"<div data-elementor-type=\"wp-page\" data-elementor-id=\"10\" class=\"elementor elementor-10\" data-elementor-post-type=\"page\">\n\t\t\t\t\t\t<section class=\"elementor-section elementor-top-section elementor-element elementor-element-fc7465d elementor-section-height-min-height elementor-section-boxed elementor-section-height-default elementor-section-items-middle\" data-id=\"fc7465d\" data-element_type=\"section\" data-e-type=\"section\" data-settings=\"{&quot;background_background&quot;:&quot;classic&quot;}\">\n\t\t\t\t\t\t\t<div class=\"elementor-background-overlay\"><\/div>\n\t\t\t\t\t\t\t<div class=\"elementor-container elementor-column-gap-default\">\n\t\t\t\t\t<div class=\"elementor-column elementor-col-100 elementor-top-column elementor-element elementor-element-dcfae02\" data-id=\"dcfae02\" data-element_type=\"column\" data-e-type=\"column\">\n\t\t\t<div class=\"elementor-widget-wrap elementor-element-populated\">\n\t\t\t\t\t\t<div class=\"elementor-element elementor-element-e4d0258 elementor-widget elementor-widget-heading\" data-id=\"e4d0258\" data-element_type=\"widget\" data-e-type=\"widget\" data-widget_type=\"heading.default\">\n\t\t\t\t<div class=\"elementor-widget-container\">\n\t\t\t\t\t<h1 class=\"elementor-heading-title elementor-size-default\">\u00dcber uns<\/h1>\t\t\t\t<\/div>\n\t\t\t\t<\/div>\n\t\t\t\t\t<\/div>\n\t\t<\/div>\n\t\t\t\t\t<\/div>\n\t\t<\/section>\n\t\t\t\t<section class=\"elementor-section elementor-top-section elementor-element elementor-element-1e99f92 elementor-section-full_width elementor-section-height-min-height elementor-section-height-default elementor-section-items-middle\" data-id=\"1e99f92\" data-element_type=\"section\" data-e-type=\"section\">\n\t\t\t\t\t\t<div class=\"elementor-container elementor-column-gap-no\">\n\t\t\t\t\t<div class=\"elementor-column elementor-col-100 elementor-top-column elementor-element elementor-element-4f8cf9b\" data-id=\"4f8cf9b\" data-element_type=\"column\" data-e-type=\"column\">\n\t\t\t<div class=\"elementor-widget-wrap elementor-element-populated\">\n\t\t\t\t\t\t<div class=\"elementor-element elementor-element-02dc80b elementor-widget-divider--view-line elementor-widget elementor-widget-divider\" data-id=\"02dc80b\" data-element_type=\"widget\" data-e-type=\"widget\" data-widget_type=\"divider.default\">\n\t\t\t\t<div class=\"elementor-widget-container\">\n\t\t\t\t\t\t\t<div class=\"elementor-divider\">\n\t\t\t<span class=\"elementor-divider-separator\">\n\t\t\t\t\t\t<\/span>\n\t\t<\/div>\n\t\t\t\t\t\t<\/div>\n\t\t\t\t<\/div>\n\t\t\t\t\t<\/div>\n\t\t<\/div>\n\t\t\t\t\t<\/div>\n\t\t<\/section>\n\t\t\t\t<section class=\"elementor-section elementor-top-section elementor-element elementor-element-7977dfc elementor-section-full_width elementor-section-height-min-height elementor-section-content-top elementor-section-height-default elementor-section-items-middle\" data-id=\"7977dfc\" data-element_type=\"section\" data-e-type=\"section\" data-settings=\"{&quot;background_background&quot;:&quot;classic&quot;}\">\n\t\t\t\t\t\t<div class=\"elementor-container elementor-column-gap-default\">\n\t\t\t\t\t<div class=\"elementor-column elementor-col-50 elementor-top-column elementor-element elementor-element-7bf5d73\" data-id=\"7bf5d73\" data-element_type=\"column\" data-e-type=\"column\">\n\t\t\t<div class=\"elementor-widget-wrap elementor-element-populated\">\n\t\t\t\t\t\t<div class=\"elementor-element elementor-element-1aed8ee elementor-widget elementor-widget-heading\" data-id=\"1aed8ee\" data-element_type=\"widget\" data-e-type=\"widget\" data-widget_type=\"heading.default\">\n\t\t\t\t<div class=\"elementor-widget-container\">\n\t\t\t\t\t<p class=\"elementor-heading-title elementor-size-default\">Tokensho wurde 2021 gegr\u00fcndet und bringt ein internationales Netzwerk von Handwerkern und Kunsthandwerkern zusammen.<br> <br>Unser Ziel ist es, Tradition und Innovation zu vereinen, um die Praktiker der japanischen Schwertkunst und Sammler mit feinen und echten japanischen Schwertern zu wettbewerbsf\u00e4higen Preisen zu versorgen. <\/p>\t\t\t\t<\/div>\n\t\t\t\t<\/div>\n\t\t\t\t\t<\/div>\n\t\t<\/div>\n\t\t\t\t<div class=\"elementor-column elementor-col-50 elementor-top-column elementor-element elementor-element-af8709b\" data-id=\"af8709b\" data-element_type=\"column\" data-e-type=\"column\">\n\t\t\t<div class=\"elementor-widget-wrap elementor-element-populated\">\n\t\t\t\t\t\t<div class=\"elementor-element elementor-element-6342020 elementor-widget elementor-widget-image\" data-id=\"6342020\" data-element_type=\"widget\" data-e-type=\"widget\" data-widget_type=\"image.default\">\n\t\t\t\t<div class=\"elementor-widget-container\">\n\t\t\t\t\t\t\t\t\t\t\t\t\t\t\t<img fetchpriority=\"high\" decoding=\"async\" width=\"951\" height=\"629\" src=\"https:\/\/tokensho.com\/wp-content\/uploads\/2022\/03\/Logo_mitweiss2.png\" class=\"attachment-large size-large wp-image-552\" alt=\"\" srcset=\"https:\/\/tokensho.com\/wp-content\/uploads\/2022\/03\/Logo_mitweiss2.png 951w, https:\/\/tokensho.com\/wp-content\/uploads\/2022\/03\/Logo_mitweiss2-300x198.png 300w, https:\/\/tokensho.com\/wp-content\/uploads\/2022\/03\/Logo_mitweiss2-768x508.png 768w, https:\/\/tokensho.com\/wp-content\/uploads\/2022\/03\/Logo_mitweiss2-600x397.png 600w\" sizes=\"(max-width: 951px) 100vw, 951px\" \/>\t\t\t\t\t\t\t\t\t\t\t\t\t\t\t<\/div>\n\t\t\t\t<\/div>\n\t\t\t\t\t<\/div>\n\t\t<\/div>\n\t\t\t\t\t<\/div>\n\t\t<\/section>\n\t\t\t\t<section class=\"elementor-section elementor-top-section elementor-element elementor-element-91b646e elementor-section-boxed elementor-section-height-default elementor-section-height-default\" data-id=\"91b646e\" data-element_type=\"section\" data-e-type=\"section\">\n\t\t\t\t\t\t<div class=\"elementor-container elementor-column-gap-default\">\n\t\t\t\t\t<div class=\"elementor-column elementor-col-100 elementor-top-column elementor-element elementor-element-5351649\" data-id=\"5351649\" data-element_type=\"column\" data-e-type=\"column\">\n\t\t\t<div class=\"elementor-widget-wrap elementor-element-populated\">\n\t\t\t\t\t\t<div class=\"elementor-element elementor-element-fde5d44 elementor-widget elementor-widget-heading\" data-id=\"fde5d44\" data-element_type=\"widget\" data-e-type=\"widget\" data-widget_type=\"heading.default\">\n\t\t\t\t<div class=\"elementor-widget-container\">\n\t\t\t\t\t<h2 class=\"elementor-heading-title elementor-size-default\">Das Team<\/h2>\t\t\t\t<\/div>\n\t\t\t\t<\/div>\n\t\t\t\t\t<\/div>\n\t\t<\/div>\n\t\t\t\t\t<\/div>\n\t\t<\/section>\n\t\t\t\t<section class=\"elementor-section elementor-top-section elementor-element elementor-element-670d1d4 elementor-section-full_width elementor-section-height-default elementor-section-height-default\" data-id=\"670d1d4\" data-element_type=\"section\" data-e-type=\"section\">\n\t\t\t\t\t\t<div class=\"elementor-container elementor-column-gap-default\">\n\t\t\t\t\t<div class=\"elementor-column elementor-col-100 elementor-top-column elementor-element elementor-element-f85b13d\" data-id=\"f85b13d\" data-element_type=\"column\" data-e-type=\"column\">\n\t\t\t<div class=\"elementor-widget-wrap elementor-element-populated\">\n\t\t\t\t\t\t<section class=\"elementor-section elementor-inner-section elementor-element elementor-element-d377856 elementor-section-full_width elementor-section-height-default elementor-section-height-default\" data-id=\"d377856\" data-element_type=\"section\" data-e-type=\"section\">\n\t\t\t\t\t\t<div class=\"elementor-container elementor-column-gap-default\">\n\t\t\t\t\t<div class=\"elementor-column elementor-col-20 elementor-inner-column elementor-element elementor-element-f878824\" data-id=\"f878824\" data-element_type=\"column\" data-e-type=\"column\">\n\t\t\t<div class=\"elementor-widget-wrap elementor-element-populated\">\n\t\t\t\t\t\t<div class=\"elementor-element elementor-element-cc7bc5c elementor-position-top elementor-widget elementor-widget-image-box\" data-id=\"cc7bc5c\" data-element_type=\"widget\" data-e-type=\"widget\" data-widget_type=\"image-box.default\">\n\t\t\t\t<div class=\"elementor-widget-container\">\n\t\t\t\t\t<div class=\"elementor-image-box-wrapper\"><figure class=\"elementor-image-box-img\"><a href=\"http:\/\/thekatana.jp\" tabindex=\"-1\"><img decoding=\"async\" width=\"300\" height=\"283\" src=\"https:\/\/tokensho.com\/wp-content\/uploads\/2022\/03\/Shin_283.png\" class=\"attachment-full size-full wp-image-567\" alt=\"\" \/><\/a><\/figure><div class=\"elementor-image-box-content\"><h3 class=\"elementor-image-box-title\"><a href=\"http:\/\/thekatana.jp\">Ono Kanemasa <\/a><\/h3><p class=\"elementor-image-box-description\">Unser Schmied, Ono Kanemasa, wurde als Shinsuke Owaku in Chiba geboren und wir nennen ihn alle \"Shin\". Er war schon in jungen Jahren fest entschlossen, Katana-Schmied zu werden, und h\u00f6rte nicht auf, seinen zuk\u00fcnftigen Meister zu bedr\u00e4ngen, bis dieser ihn schlie\u00dflich als Lehrling aufnahm. Er ist in einer jahrtausendealten Tradition verwurzelt, hat aber seine Augen weit offen f\u00fcr die Zukunft seines Handwerks.<\/p><\/div><\/div>\t\t\t\t<\/div>\n\t\t\t\t<\/div>\n\t\t\t\t\t<\/div>\n\t\t<\/div>\n\t\t\t\t<div class=\"elementor-column elementor-col-20 elementor-inner-column elementor-element elementor-element-e7ca39a\" data-id=\"e7ca39a\" data-element_type=\"column\" data-e-type=\"column\">\n\t\t\t<div class=\"elementor-widget-wrap elementor-element-populated\">\n\t\t\t\t\t\t<div class=\"elementor-element elementor-element-881ccb1 elementor-position-top elementor-widget elementor-widget-image-box\" data-id=\"881ccb1\" data-element_type=\"widget\" data-e-type=\"widget\" data-widget_type=\"image-box.default\">\n\t\t\t\t<div class=\"elementor-widget-container\">\n\t\t\t\t\t<div class=\"elementor-image-box-wrapper\"><figure class=\"elementor-image-box-img\"><a href=\"https:\/\/www.facebook.com\/kodentosogu\/\" tabindex=\"-1\"><img decoding=\"async\" width=\"300\" height=\"283\" src=\"https:\/\/tokensho.com\/wp-content\/uploads\/2022\/06\/Manuel_300x283.png\" class=\"attachment-full size-full wp-image-1785\" alt=\"\" \/><\/a><\/figure><div class=\"elementor-image-box-content\"><h3 class=\"elementor-image-box-title\"><a href=\"https:\/\/www.facebook.com\/kodentosogu\/\">Manuel Coden<\/a><\/h3><p class=\"elementor-image-box-description\">Manuel ist nicht nur ein gro\u00dfartiger Kunsthandwerker, der unter dem Namen \u53e4\u4f1d \"Ko Den\" arbeitet, sondern auch ein gro\u00dfartiger Mensch und ein sehr sachkundiger Sammler von Nihonto. Er feilt st\u00e4ndig an seinen F\u00e4higkeiten und probiert immer wieder neue Techniken und Materialien aus, die er mit alten Traditionen kombiniert, um sein Handwerk weiterzuentwickeln.<\/p><\/div><\/div>\t\t\t\t<\/div>\n\t\t\t\t<\/div>\n\t\t\t\t\t<\/div>\n\t\t<\/div>\n\t\t\t\t<div class=\"elementor-column elementor-col-20 elementor-inner-column elementor-element elementor-element-db3799c\" data-id=\"db3799c\" data-element_type=\"column\" data-e-type=\"column\">\n\t\t\t<div class=\"elementor-widget-wrap elementor-element-populated\">\n\t\t\t\t\t\t<div class=\"elementor-element elementor-element-e60fcc0 elementor-position-top elementor-widget elementor-widget-image-box\" data-id=\"e60fcc0\" data-element_type=\"widget\" data-e-type=\"widget\" data-widget_type=\"image-box.default\">\n\t\t\t\t<div class=\"elementor-widget-container\">\n\t\t\t\t\t<div class=\"elementor-image-box-wrapper\"><figure class=\"elementor-image-box-img\"><a href=\"https:\/\/www.facebook.com\/KatnaCustoms\" tabindex=\"-1\"><img loading=\"lazy\" decoding=\"async\" width=\"300\" height=\"283\" src=\"https:\/\/tokensho.com\/wp-content\/uploads\/2022\/03\/Gustavo_283.png\" class=\"attachment-full size-full wp-image-579\" alt=\"\" \/><\/a><\/figure><div class=\"elementor-image-box-content\"><h3 class=\"elementor-image-box-title\"><a href=\"https:\/\/www.facebook.com\/KatnaCustoms\">Gustavo Mastalli<\/a><\/h3><p class=\"elementor-image-box-description\">Gustavo Mastalli ist ein toller Kerl und ein gro\u00dfartiger Handwerker. Und als solcher ist er derjenige, der f\u00fcr Tsuka-Maki und die Zusammenstellung der Koshirae von Matsukaze verantwortlich ist. Er firmiert als \"Katana Customs\". Er ist zwar sehr kreativ, wenn es darum geht, die Koshirae f\u00fcr eine Klinge zusammenzustellen, aber er ist auch ein Traditionalist, der darauf achtet, dass Funktionalit\u00e4t und \u00c4sthetik nicht zu kurz kommen.<\/p><\/div><\/div>\t\t\t\t<\/div>\n\t\t\t\t<\/div>\n\t\t\t\t\t<\/div>\n\t\t<\/div>\n\t\t\t\t<div class=\"elementor-column elementor-col-20 elementor-inner-column elementor-element elementor-element-8371728\" data-id=\"8371728\" data-element_type=\"column\" data-e-type=\"column\">\n\t\t\t<div class=\"elementor-widget-wrap elementor-element-populated\">\n\t\t\t\t\t\t<div class=\"elementor-element elementor-element-7b4c5da elementor-position-top elementor-widget elementor-widget-image-box\" data-id=\"7b4c5da\" data-element_type=\"widget\" data-e-type=\"widget\" data-widget_type=\"image-box.default\">\n\t\t\t\t<div class=\"elementor-widget-container\">\n\t\t\t\t\t<div class=\"elementor-image-box-wrapper\"><figure class=\"elementor-image-box-img\"><a href=\"http:\/\/thekatana.jp\" tabindex=\"-1\"><img loading=\"lazy\" decoding=\"async\" width=\"300\" height=\"283\" src=\"https:\/\/tokensho.com\/wp-content\/uploads\/2022\/03\/Chris_283.png\" class=\"attachment-full size-full wp-image-842\" alt=\"\" \/><\/a><\/figure><div class=\"elementor-image-box-content\"><h3 class=\"elementor-image-box-title\"><a href=\"http:\/\/thekatana.jp\">Chris Loeber <\/a><\/h3><p class=\"elementor-image-box-description\">Chris ist unser \"Mann in Japan\" und ein enger Freund. Wenn er nicht gerade japanischen Kindern Englisch beibringt, betreibt er den internationalen Vermittlungsdienst \"Nippon Buyers Club\" f\u00fcr Nihonto, Yoroi, Tanegashima und andere schwer erh\u00e4ltliche Artikel. Er lebt seit mehr als 20 Jahren in der japanischen Provinz Aichi und unterh\u00e4lt enge Beziehungen zu einer Reihe von Nihonto-H\u00e4ndlern und -Brokern sowie Schmieden. <\/p><\/div><\/div>\t\t\t\t<\/div>\n\t\t\t\t<\/div>\n\t\t\t\t\t<\/div>\n\t\t<\/div>\n\t\t\t\t<div class=\"elementor-column elementor-col-20 elementor-inner-column elementor-element elementor-element-f81f7ad\" data-id=\"f81f7ad\" data-element_type=\"column\" data-e-type=\"column\">\n\t\t\t<div class=\"elementor-widget-wrap elementor-element-populated\">\n\t\t\t\t\t\t<div class=\"elementor-element elementor-element-0fa41c6 elementor-position-top elementor-widget elementor-widget-image-box\" data-id=\"0fa41c6\" data-element_type=\"widget\" data-e-type=\"widget\" data-widget_type=\"image-box.default\">\n\t\t\t\t<div class=\"elementor-widget-container\">\n\t\t\t\t\t<div class=\"elementor-image-box-wrapper\"><figure class=\"elementor-image-box-img\"><a href=\"https:\/\/www.nipponbuyersclub.com\" tabindex=\"-1\"><img loading=\"lazy\" decoding=\"async\" width=\"300\" height=\"283\" src=\"https:\/\/tokensho.com\/wp-content\/uploads\/2023\/02\/oliver_new.png\" class=\"attachment-woocommerce_thumbnail size-woocommerce_thumbnail wp-image-2537\" alt=\"\" srcset=\"https:\/\/tokensho.com\/wp-content\/uploads\/2023\/02\/oliver_new.png 300w, https:\/\/tokensho.com\/wp-content\/uploads\/2023\/02\/oliver_new-13x12.png 13w\" sizes=\"(max-width: 300px) 100vw, 300px\" \/><\/a><\/figure><div class=\"elementor-image-box-content\"><h3 class=\"elementor-image-box-title\"><a href=\"https:\/\/www.nipponbuyersclub.com\">Oliver Pischke<\/a><\/h3><p class=\"elementor-image-box-description\">Oliver ist der Gr\u00fcnder von Tokensho und k\u00fcmmert sich um die Logistik und Vermarktung von Matsukaze und anderen Schwertern. Er praktiziert Iaido und Battodo\/Tameshigiri. Er ist auch ein Praktizierender des Soto Zen-Buddhismus und ein angehender Sammler von Nihonto. <\/p><\/div><\/div>\t\t\t\t<\/div>\n\t\t\t\t<\/div>\n\t\t\t\t\t<\/div>\n\t\t<\/div>\n\t\t\t\t\t<\/div>\n\t\t<\/section>\n\t\t\t\t\t<\/div>\n\t\t<\/div>\n\t\t\t\t\t<\/div>\n\t\t<\/section>\n\t\t\t\t<section class=\"elementor-section elementor-top-section elementor-element elementor-element-70ef8fd elementor-section-full_width elementor-section-height-default elementor-section-height-default\" data-id=\"70ef8fd\" data-element_type=\"section\" data-e-type=\"section\">\n\t\t\t\t\t\t<div class=\"elementor-container elementor-column-gap-default\">\n\t\t\t\t\t<div class=\"elementor-column elementor-col-100 elementor-top-column elementor-element elementor-element-8b9521d\" data-id=\"8b9521d\" data-element_type=\"column\" data-e-type=\"column\">\n\t\t\t<div class=\"elementor-widget-wrap elementor-element-populated\">\n\t\t\t\t\t\t<section class=\"elementor-section elementor-inner-section elementor-element elementor-element-59b36d4 elementor-section-full_width elementor-section-height-default elementor-section-height-default\" data-id=\"59b36d4\" data-element_type=\"section\" data-e-type=\"section\">\n\t\t\t\t\t\t<div class=\"elementor-container elementor-column-gap-default\">\n\t\t\t\t\t<div class=\"elementor-column elementor-col-100 elementor-inner-column elementor-element elementor-element-9055168\" data-id=\"9055168\" data-element_type=\"column\" data-e-type=\"column\">\n\t\t\t<div class=\"elementor-widget-wrap elementor-element-populated\">\n\t\t\t\t\t\t<div class=\"elementor-element elementor-element-03c2b59 elementor-widget elementor-widget-heading\" data-id=\"03c2b59\" data-element_type=\"widget\" data-e-type=\"widget\" data-widget_type=\"heading.default\">\n\t\t\t\t<div class=\"elementor-widget-container\">\n\t\t\t\t\t<h2 class=\"elementor-heading-title elementor-size-default\">Unsere Partner<\/h2>\t\t\t\t<\/div>\n\t\t\t\t<\/div>\n\t\t\t\t\t<\/div>\n\t\t<\/div>\n\t\t\t\t\t<\/div>\n\t\t<\/section>\n\t\t\t\t<section class=\"elementor-section elementor-inner-section elementor-element elementor-element-1eac931 elementor-section-full_width elementor-section-height-default elementor-section-height-default\" data-id=\"1eac931\" data-element_type=\"section\" data-e-type=\"section\">\n\t\t\t\t\t\t<div class=\"elementor-container elementor-column-gap-no\">\n\t\t\t\t\t<div class=\"elementor-column elementor-col-20 elementor-inner-column elementor-element elementor-element-4267e6b\" data-id=\"4267e6b\" data-element_type=\"column\" data-e-type=\"column\">\n\t\t\t<div class=\"elementor-widget-wrap elementor-element-populated\">\n\t\t\t\t\t\t<div class=\"elementor-element elementor-element-550aa41 elementor-position-top elementor-widget elementor-widget-image-box\" data-id=\"550aa41\" data-element_type=\"widget\" data-e-type=\"widget\" data-widget_type=\"image-box.default\">\n\t\t\t\t<div class=\"elementor-widget-container\">\n\t\t\t\t\t<div class=\"elementor-image-box-wrapper\"><figure class=\"elementor-image-box-img\"><a href=\"http:\/\/thekatana.jp\" tabindex=\"-1\"><img loading=\"lazy\" decoding=\"async\" width=\"577\" height=\"577\" src=\"https:\/\/tokensho.com\/wp-content\/uploads\/2022\/03\/Chris_Osborne_1.jpg\" class=\"attachment-full size-full wp-image-1679\" alt=\"\" srcset=\"https:\/\/tokensho.com\/wp-content\/uploads\/2022\/03\/Chris_Osborne_1.jpg 577w, https:\/\/tokensho.com\/wp-content\/uploads\/2022\/03\/Chris_Osborne_1-300x300.jpg 300w, https:\/\/tokensho.com\/wp-content\/uploads\/2022\/03\/Chris_Osborne_1-150x150.jpg 150w, https:\/\/tokensho.com\/wp-content\/uploads\/2022\/03\/Chris_Osborne_1-100x100.jpg 100w\" sizes=\"(max-width: 577px) 100vw, 577px\" \/><\/a><\/figure><div class=\"elementor-image-box-content\"><h3 class=\"elementor-image-box-title\"><a href=\"http:\/\/thekatana.jp\">Yugen Swords\n\/ Chris Osborne<\/a><\/h3><p class=\"elementor-image-box-description\">\"Yugen Swords\" wird von Chris Osborne gef\u00fchrt. Chris ist einer der besten Katana-Polierer in Nordamerika und ein echter Kenner japanischer Schwerter. Dies ist der Grund, warum wir ihn als exklusiven Lizenznehmer f\u00fcr Matsukaze in den USA ausgew\u00e4hlt haben. <\/p><\/div><\/div>\t\t\t\t<\/div>\n\t\t\t\t<\/div>\n\t\t\t\t\t<\/div>\n\t\t<\/div>\n\t\t\t\t<div class=\"elementor-column elementor-col-20 elementor-inner-column elementor-element elementor-element-a5bef97\" data-id=\"a5bef97\" data-element_type=\"column\" data-e-type=\"column\">\n\t\t\t<div class=\"elementor-widget-wrap\">\n\t\t\t\t\t\t\t<\/div>\n\t\t<\/div>\n\t\t\t\t<div class=\"elementor-column elementor-col-20 elementor-inner-column elementor-element elementor-element-c408555\" data-id=\"c408555\" data-element_type=\"column\" data-e-type=\"column\">\n\t\t\t<div class=\"elementor-widget-wrap\">\n\t\t\t\t\t\t\t<\/div>\n\t\t<\/div>\n\t\t\t\t<div class=\"elementor-column elementor-col-20 elementor-inner-column elementor-element elementor-element-85bcbd7\" data-id=\"85bcbd7\" data-element_type=\"column\" data-e-type=\"column\">\n\t\t\t<div class=\"elementor-widget-wrap\">\n\t\t\t\t\t\t\t<\/div>\n\t\t<\/div>\n\t\t\t\t<div class=\"elementor-column elementor-col-20 elementor-inner-column elementor-element elementor-element-04dfbce\" data-id=\"04dfbce\" data-element_type=\"column\" data-e-type=\"column\">\n\t\t\t<div class=\"elementor-widget-wrap\">\n\t\t\t\t\t\t\t<\/div>\n\t\t<\/div>\n\t\t\t\t\t<\/div>\n\t\t<\/section>\n\t\t\t\t\t<\/div>\n\t\t<\/div>\n\t\t\t\t\t<\/div>\n\t\t<\/section>\n\t\t\t\t<\/div>","protected":false},"excerpt":{"rendered":"<p>About Us Tokensho was founded in 2021 and brings together an international network of craftsmen and artisans. Our goal is to combine tradition and innovation in order to provide practitioners of Japanese sword arts and collectors with fine and genuine Japanese swords at competitive prices. The Team Ono Kanemasa Our smith, Ono Kanemasa, was born&hellip;&nbsp;<a href=\"https:\/\/tokensho.com\/de\/tokensho-about-us\/\" class=\"\" rel=\"bookmark\">Weiterlesen &raquo;<span class=\"screen-reader-text\">About<\/span><\/a><\/p>","protected":false},"author":1,"featured_media":0,"parent":0,"menu_order":0,"comment_status":"closed","ping_status":"closed","template":"elementor_header_footer","meta":{"neve_meta_sidebar":"","neve_meta_container":"","neve_meta_enable_content_width":"off","neve_meta_content_width":0,"neve_meta_title_alignment":"","neve_meta_author_avatar":"","neve_post_elements_order":"","neve_meta_disable_header":"","neve_meta_disable_footer":"","neve_meta_disable_title":"","_ti_tpc_template_sync":false,"_ti_tpc_template_id":"v4jabkcahrua4k7nowwo","footnotes":""},"class_list":["post-10","page","type-page","status-publish","hentry"],"_links":{"self":[{"href":"https:\/\/tokensho.com\/de\/wp-json\/wp\/v2\/pages\/10","targetHints":{"allow":["GET"]}}],"collection":[{"href":"https:\/\/tokensho.com\/de\/wp-json\/wp\/v2\/pages"}],"about":[{"href":"https:\/\/tokensho.com\/de\/wp-json\/wp\/v2\/types\/page"}],"author":[{"embeddable":true,"href":"https:\/\/tokensho.com\/de\/wp-json\/wp\/v2\/users\/1"}],"replies":[{"embeddable":true,"href":"https:\/\/tokensho.com\/de\/wp-json\/wp\/v2\/comments?post=10"}],"version-history":[{"count":238,"href":"https:\/\/tokensho.com\/de\/wp-json\/wp\/v2\/pages\/10\/revisions"}],"predecessor-version":[{"id":2746,"href":"https:\/\/tokensho.com\/de\/wp-json\/wp\/v2\/pages\/10\/revisions\/2746"}],"wp:attachment":[{"href":"https:\/\/tokensho.com\/de\/wp-json\/wp\/v2\/media?parent=10"}],"curies":[{"name":"wp","href":"https:\/\/api.w.org\/{rel}","templated":true}]}}