{"id":2829,"date":"2023-02-15T12:10:07","date_gmt":"2023-02-15T12:10:07","guid":{"rendered":"https:\/\/tokensho.com\/?page_id=2829"},"modified":"2023-02-17T15:25:48","modified_gmt":"2023-02-17T15:25:48","slug":"buy","status":"publish","type":"page","link":"https:\/\/tokensho.com\/de\/buy\/","title":{"rendered":"buy"},"content":{"rendered":"<div data-elementor-type=\"wp-page\" data-elementor-id=\"2829\" class=\"elementor elementor-2829\" data-elementor-post-type=\"page\">\n\t\t\t\t\t\t<section class=\"elementor-section elementor-top-section elementor-element elementor-element-52c5209 elementor-section-height-min-height elementor-section-boxed elementor-section-height-default elementor-section-items-middle\" data-id=\"52c5209\" data-element_type=\"section\" data-e-type=\"section\" data-settings=\"{&quot;background_background&quot;:&quot;classic&quot;}\">\n\t\t\t\t\t\t<div class=\"elementor-container elementor-column-gap-default\">\n\t\t\t\t\t<div class=\"elementor-column elementor-col-50 elementor-top-column elementor-element elementor-element-06fb158\" data-id=\"06fb158\" data-element_type=\"column\" data-e-type=\"column\">\n\t\t\t<div class=\"elementor-widget-wrap elementor-element-populated\">\n\t\t\t\t\t\t<div class=\"elementor-element elementor-element-5a00714 elementor-widget elementor-widget-heading\" data-id=\"5a00714\" data-element_type=\"widget\" data-e-type=\"widget\" data-widget_type=\"heading.default\">\n\t\t\t\t<div class=\"elementor-widget-container\">\n\t\t\t\t\t<h2 class=\"elementor-heading-title elementor-size-default\">Wir haben ge\u00f6ffnet !<\/h2>\t\t\t\t<\/div>\n\t\t\t\t<\/div>\n\t\t\t\t\t<\/div>\n\t\t<\/div>\n\t\t\t\t<div class=\"elementor-column elementor-col-50 elementor-top-column elementor-element elementor-element-6907eb1\" data-id=\"6907eb1\" data-element_type=\"column\" data-e-type=\"column\">\n\t\t\t<div class=\"elementor-widget-wrap elementor-element-populated\">\n\t\t\t\t\t\t<div class=\"elementor-element elementor-element-f6b663a elementor-widget elementor-widget-image\" data-id=\"f6b663a\" data-element_type=\"widget\" data-e-type=\"widget\" data-widget_type=\"image.default\">\n\t\t\t\t<div class=\"elementor-widget-container\">\n\t\t\t\t\t\t\t\t\t\t\t\t\t\t\t<img fetchpriority=\"high\" decoding=\"async\" width=\"300\" height=\"195\" src=\"https:\/\/tokensho.com\/wp-content\/uploads\/2022\/03\/tokensho_red-300x195.png\" class=\"attachment-medium size-medium wp-image-119\" alt=\"\" srcset=\"https:\/\/tokensho.com\/wp-content\/uploads\/2022\/03\/tokensho_red-300x195.png 300w, https:\/\/tokensho.com\/wp-content\/uploads\/2022\/03\/tokensho_red-600x389.png 600w, https:\/\/tokensho.com\/wp-content\/uploads\/2022\/03\/tokensho_red.png 643w\" sizes=\"(max-width: 300px) 100vw, 300px\" \/>\t\t\t\t\t\t\t\t\t\t\t\t\t\t\t<\/div>\n\t\t\t\t<\/div>\n\t\t\t\t\t<\/div>\n\t\t<\/div>\n\t\t\t\t\t<\/div>\n\t\t<\/section>\n\t\t\t\t<section class=\"elementor-section elementor-top-section elementor-element elementor-element-204cfe5 elementor-section-full_width elementor-section-height-default elementor-section-height-default\" data-id=\"204cfe5\" data-element_type=\"section\" data-e-type=\"section\">\n\t\t\t\t\t\t<div class=\"elementor-container elementor-column-gap-default\">\n\t\t\t\t\t<div class=\"elementor-column elementor-col-33 elementor-top-column elementor-element elementor-element-3333cfc\" data-id=\"3333cfc\" data-element_type=\"column\" data-e-type=\"column\">\n\t\t\t<div class=\"elementor-widget-wrap elementor-element-populated\">\n\t\t\t\t\t\t<div class=\"elementor-element elementor-element-22c7365 elementor-cta--skin-classic elementor-animated-content elementor-bg-transform elementor-bg-transform-zoom-in elementor-widget elementor-widget-call-to-action\" data-id=\"22c7365\" data-element_type=\"widget\" data-e-type=\"widget\" data-widget_type=\"call-to-action.default\">\n\t\t\t\t<div class=\"elementor-widget-container\">\n\t\t\t\t\t\t\t<div class=\"elementor-cta\">\n\t\t\t\t\t<div class=\"elementor-cta__bg-wrapper\">\n\t\t\t\t<div class=\"elementor-cta__bg elementor-bg\" style=\"background-image: url(https:\/\/tokensho.com\/wp-content\/uploads\/2023\/02\/320470786_727691468660914_38487863681697889_n-1024x576.jpg);\" role=\"img\" aria-label=\"320470786_727691468660914_38487863681697889_n\"><\/div>\n\t\t\t\t<div class=\"elementor-cta__bg-overlay\"><\/div>\n\t\t\t<\/div>\n\t\t\t\t\t\t\t<div class=\"elementor-cta__content\">\n\t\t\t\t\n\t\t\t\t\t\t\t\t\t<h2 class=\"elementor-cta__title elementor-cta__content-item elementor-content-item\">\n\t\t\t\t\t\tHol dir dein Matsukaze\t\t\t\t\t<\/h2>\n\t\t\t\t\n\t\t\t\t\t\t\t\t\t<div class=\"elementor-cta__description elementor-cta__content-item elementor-content-item\">\n\t\t\t\t\t\tDer Link unten f\u00fchrt dich zu unserem \"Wizard\" in dem du dein pers\u00f6nliches Matsukaze Katana konfigurieren kannst.<br>\t\t\t\t\t<\/div>\n\t\t\t\t\n\t\t\t\t\t\t\t\t\t<div class=\"elementor-cta__button-wrapper elementor-cta__content-item elementor-content-item\">\n\t\t\t\t\t<a class=\"elementor-cta__button elementor-button elementor-size-\" href=\"https:\/\/tokensho.com\/de\/matsu_wizard_start\/\">\n\t\t\t\t\t\tAngebot anfordern\t\t\t\t\t<\/a>\n\t\t\t\t\t<\/div>\n\t\t\t\t\t\t\t<\/div>\n\t\t\t\t\t\t<\/div>\n\t\t\t\t\t\t<\/div>\n\t\t\t\t<\/div>\n\t\t\t\t\t<\/div>\n\t\t<\/div>\n\t\t\t\t<div class=\"elementor-column elementor-col-33 elementor-top-column elementor-element elementor-element-f6eb22a\" data-id=\"f6eb22a\" data-element_type=\"column\" data-e-type=\"column\">\n\t\t\t<div class=\"elementor-widget-wrap elementor-element-populated\">\n\t\t\t\t\t\t<div class=\"elementor-element elementor-element-c6bb689 elementor-cta--skin-classic elementor-animated-content elementor-bg-transform elementor-bg-transform-zoom-in elementor-widget elementor-widget-call-to-action\" data-id=\"c6bb689\" data-element_type=\"widget\" data-e-type=\"widget\" data-widget_type=\"call-to-action.default\">\n\t\t\t\t<div class=\"elementor-widget-container\">\n\t\t\t\t\t\t\t<div class=\"elementor-cta\">\n\t\t\t\t\t<div class=\"elementor-cta__bg-wrapper\">\n\t\t\t\t<div class=\"elementor-cta__bg elementor-bg\" style=\"background-image: url(https:\/\/tokensho.com\/wp-content\/uploads\/2022\/03\/shin_at_the_museum_forge.png);\" role=\"img\" aria-label=\"shin_at_the_museum_forge\"><\/div>\n\t\t\t\t<div class=\"elementor-cta__bg-overlay\"><\/div>\n\t\t\t<\/div>\n\t\t\t\t\t\t\t<div class=\"elementor-cta__content\">\n\t\t\t\t\n\t\t\t\t\t\t\t\t\t<h2 class=\"elementor-cta__title elementor-cta__content-item elementor-content-item\">\n\t\t\t\t\t\tAndere Arbeiten von Kanemasa\t\t\t\t\t<\/h2>\n\t\t\t\t\n\t\t\t\t\t\t\t\t\t<div class=\"elementor-cta__description elementor-cta__content-item elementor-content-item\">\n\t\t\t\t\t\tOb ein zu deinem Matsukaze passendes Wakizashi f\u00fcr ein Daisho, ein Tanto oder Naginata ...\t\t\t\t\t<\/div>\n\t\t\t\t\n\t\t\t\t\t\t\t\t\t<div class=\"elementor-cta__button-wrapper elementor-cta__content-item elementor-content-item\">\n\t\t\t\t\t<a class=\"elementor-cta__button elementor-button elementor-size-\">\n\t\t\t\t\t\tKontaktiere uns\t\t\t\t\t<\/a>\n\t\t\t\t\t<\/div>\n\t\t\t\t\t\t\t<\/div>\n\t\t\t\t\t\t<\/div>\n\t\t\t\t\t\t<\/div>\n\t\t\t\t<\/div>\n\t\t\t\t\t<\/div>\n\t\t<\/div>\n\t\t\t\t<div class=\"elementor-column elementor-col-33 elementor-top-column elementor-element elementor-element-af1c475\" data-id=\"af1c475\" data-element_type=\"column\" data-e-type=\"column\">\n\t\t\t<div class=\"elementor-widget-wrap elementor-element-populated\">\n\t\t\t\t\t\t<div class=\"elementor-element elementor-element-1eecf3c elementor-drop-cap-yes elementor-drop-cap-view-default elementor-widget elementor-widget-text-editor\" data-id=\"1eecf3c\" data-element_type=\"widget\" data-e-type=\"widget\" data-settings=\"{&quot;drop_cap&quot;:&quot;yes&quot;}\" data-widget_type=\"text-editor.default\">\n\t\t\t\t<div class=\"elementor-widget-container\">\n\t\t\t\t\t\t\t\t\t<h3>As of XX.XX.2023, Tokensho is taking orders for Matsukaze Katana.<\/h3>\n<p>Es war ein langer Weg f\u00fcr uns alle hier bei Tokensho, und wir freuen uns, Ihnen mitteilen zu k\u00f6nnen, dass es nun endlich an der Zeit ist,&nbsp;<span style=\"background-color: var(--nv-site-bg); color: var(--nv-text-color); font-family: var(--bodyfontfamily),var(--nv-fallback-ff); font-size: var(--bodyfontsize); font-weight: var(--bodyfontweight); letter-spacing: var(--bodyletterspacing); text-transform: var(--bodytexttransform);\">Bestellungen f\u00fcr das Matsukaze Katana entgegenzunehmen.&nbsp;<\/span><span style=\"background-color: var(--nv-site-bg); color: var(--nv-text-color); font-family: var(--bodyfontfamily),var(--nv-fallback-ff); font-size: var(--bodyfontsize); font-weight: var(--bodyfontweight); letter-spacing: var(--bodyletterspacing); text-transform: var(--bodytexttransform);\">Wir hoffen, Du bist genauso begeistert wie wir.<\/span><\/p>\n<p><span style=\"background-color: var(--nv-site-bg); color: var(--nv-text-color); font-family: var(--bodyfontfamily),var(--nv-fallback-ff); font-size: var(--bodyfontsize); font-weight: var(--bodyfontweight); letter-spacing: var(--bodyletterspacing); text-transform: var(--bodytexttransform);\">Wir wollen nicht zu viel versprechen, was die Anzahl der Schwerter angeht, die wir in einem Jahr liefern k\u00f6nnen, und gehen es deshalb langsam an. Wir glauben, dass wir in der Lage sein werden, bis Ende 2023 etwa 6 Matsukaze fertig zu stellen, und hoffen, dass wir diese Zahl im Jahr 2024 auf 8-10 erh\u00f6hen k\u00f6nnen, vielleicht sogar noch mehr, wenn die Nachfrage gro\u00df genug ist. Hol dir also dein Angebot, bevor es zu sp\u00e4t ist. Solltest Du nicht zu den Gl\u00fccklichen geh\u00f6ren, die Ihr Exemplar in der ersten Charge erhalten, kannst Du dich auf unsere Warteliste setzen lassen.<\/span><\/p>\n<p><span style=\"background-color: var(--nv-site-bg); color: var(--nv-text-color); font-family: var(--bodyfontfamily),var(--nv-fallback-ff); font-size: var(--bodyfontsize); font-weight: var(--bodyfontweight); letter-spacing: var(--bodyletterspacing); text-transform: var(--bodytexttransform);\">Der Preis f\u00fcr einen fertigen Matsukaze in der Standardkonfiguration betr\u00e4gt \u20ac 4920,-. Da es aber eine Reihe von Optionen gibt, m\u00f6chten wir Sie bitten, den Konfigurationsassistenten zu benutzen. Wir werden Ihnen innerhalb von 48 Stunden einen Kostenvoranschlag zukommen lassen.&nbsp;<\/span><\/p>\n<p><br><\/p>\t\t\t\t\t\t\t\t<\/div>\n\t\t\t\t<\/div>\n\t\t\t\t\t<\/div>\n\t\t<\/div>\n\t\t\t\t\t<\/div>\n\t\t<\/section>\n\t\t\t\t<\/div>","protected":false},"excerpt":{"rendered":"<p>We&#8217;re open for business Get your Matsukaze The link below will take you to a configuration wizard for your customized Matsukaze Katana Get a quote Other blades by Kanemasa Whether it is a Wakizashi to match your Matsukaze, a Tanto or a Naginata, &#8230; Contact us As of XX.XX.2023, Tokensho is taking orders for Matsukaze&hellip;&nbsp;<a href=\"https:\/\/tokensho.com\/de\/buy\/\" class=\"\" rel=\"bookmark\">Weiterlesen &raquo;<span class=\"screen-reader-text\">buy<\/span><\/a><\/p>","protected":false},"author":1,"featured_media":0,"parent":0,"menu_order":0,"comment_status":"closed","ping_status":"closed","template":"page-templates\/template-pagebuilder-full-width.php","meta":{"neve_meta_sidebar":"","neve_meta_container":"","neve_meta_enable_content_width":"","neve_meta_content_width":0,"neve_meta_title_alignment":"","neve_meta_author_avatar":"","neve_post_elements_order":"","neve_meta_disable_header":"","neve_meta_disable_footer":"","neve_meta_disable_title":"","_ti_tpc_template_sync":false,"_ti_tpc_template_id":"","footnotes":""},"class_list":["post-2829","page","type-page","status-publish","hentry"],"_links":{"self":[{"href":"https:\/\/tokensho.com\/de\/wp-json\/wp\/v2\/pages\/2829","targetHints":{"allow":["GET"]}}],"collection":[{"href":"https:\/\/tokensho.com\/de\/wp-json\/wp\/v2\/pages"}],"about":[{"href":"https:\/\/tokensho.com\/de\/wp-json\/wp\/v2\/types\/page"}],"author":[{"embeddable":true,"href":"https:\/\/tokensho.com\/de\/wp-json\/wp\/v2\/users\/1"}],"replies":[{"embeddable":true,"href":"https:\/\/tokensho.com\/de\/wp-json\/wp\/v2\/comments?post=2829"}],"version-history":[{"count":82,"href":"https:\/\/tokensho.com\/de\/wp-json\/wp\/v2\/pages\/2829\/revisions"}],"predecessor-version":[{"id":2979,"href":"https:\/\/tokensho.com\/de\/wp-json\/wp\/v2\/pages\/2829\/revisions\/2979"}],"wp:attachment":[{"href":"https:\/\/tokensho.com\/de\/wp-json\/wp\/v2\/media?parent=2829"}],"curies":[{"name":"wp","href":"https:\/\/api.w.org\/{rel}","templated":true}]}}